
{"id":125,"date":"2017-02-22T11:17:02","date_gmt":"2017-02-22T10:17:02","guid":{"rendered":"http:\/\/farnost-helpa.sk\/?page_id=125"},"modified":"2024-08-15T17:03:41","modified_gmt":"2024-08-15T15:03:41","slug":"oznamy","status":"publish","type":"page","link":"https:\/\/farnost-helpa.sk\/?page_id=125","title":{"rendered":"Kontakt"},"content":{"rendered":"<h2 class=\"title\">R\u00cdMSKOKATOL\u00cdCKA CIRKEV<\/h2>\n<div class=\"text\">\n<p><strong><em>Adresa:<\/em><\/strong><br \/>\nFarsk\u00fd \u00farad<\/p>\n<p>Farsk\u00e1 900\/5<\/p>\n<p>976 68\u00a0 He\u013epa<\/p>\n<p><strong><em>dekan &#8211; far\u00e1r, kanonik h.c.:<\/em><\/strong><\/p>\n<p>vsdp. <strong>ThLic. \u0160tefan Kosturko<\/strong><\/p>\n<p><strong><em>kontakt:<\/em><\/strong><\/p>\n<p>048\/618 62\u00a071<\/p>\n<hr \/>\n<h2>Kontaktn\u00fd formul\u00e1r pre spr\u00e1vcu str\u00e1nky:<\/h2>\n\n\n<div\n\t\tclass=\"pirate_forms_container widget-no\"\n\t\tid=\"pirate_forms_container_default\">\n\t<!-- header -->\n\t\n\t<!-- thank you -->\n\t\n\t<div class=\"pirate_forms_wrap\">\n\t\t<!-- errors -->\n\t\t\n\t\t<!-- form -->\n\t\t\n\t\t<form\n\t\t\t\tmethod=\"post\"\n\t\t\t\tenctype=\"multipart\/form-data\"\n\t\t\t\tclass=\"pirate_forms  form_honeypot-on wordpress-nonce-on pirate-forms-contact-name-on pirate-forms-contact-email-on pirate-forms-contact-subject-on pirate-forms-contact-message-on pirate-forms-attachment-on pirate-forms-captcha-on pirate-forms-contact-submit-on pirate_forms_from_form-on\"\n\t\t\t\t\t>\n\t\t\t<div class=\"pirate_forms_three_inputs_wrap \">\n\t\t\t\t\n\n<div class=\"col-xs-12 pirate_forms_three_inputs form_field_wrap contact_name_wrap col-xs-12 col-sm-6 contact_name_wrap pirate_forms_three_inputs form_field_wrap\">\n\t\t<input\n\t\t\ttype=\"text\"\n\t\t\tclass=\"form-control\" id=\"pirate-forms-contact-name\" name=\"pirate-forms-contact-name\" class=\"\" placeholder=\"Va\u0161e meno\" required oninvalid=\"this.setCustomValidity('Dopl\u0148te Va\u0161e meno')\" onchange=\"this.setCustomValidity('')\" value=\"\" >\n<\/div>\n\n\n<div class=\"col-xs-12 pirate_forms_three_inputs form_field_wrap contact_email_wrap col-xs-12 col-sm-6 contact_email_wrap pirate_forms_three_inputs form_field_wrap\">\n\t\t<input type=\"email\" class=\"form-control\" id=\"pirate-forms-contact-email\" name=\"pirate-forms-contact-email\" class=\"\" placeholder=\"V\u00e1\u0161 email\"  value=\"\">\n<\/div>\n\n\n<div class=\"col-xs-12 pirate_forms_three_inputs form_field_wrap contact_subject_wrap col-xs-12 contact_subject_wrap pirate_forms_three_inputs form_field_wrap\">\n\t\t<input\n\t\t\ttype=\"text\"\n\t\t\tclass=\"form-control\" id=\"pirate-forms-contact-subject\" name=\"pirate-forms-contact-subject\" class=\"\" placeholder=\"Predmet\" required oninvalid=\"this.setCustomValidity('Dopl\u0148te V\u00e1\u0161 predmet')\" onchange=\"this.setCustomValidity('')\" value=\"\" >\n<\/div>\n\t\t\t<\/div>\n\n\t\t\t\n\n<div class=\"col-xs-12 form_field_wrap contact_message_wrap col-xs-12 contact_message_wrap pirate_forms_three_inputs form_field_wrap\">\n\t\t<textarea\n\t\t\trows=\"5\" cols=\"30\"\n\t\t\tclass=\"form-control\" id=\"pirate-forms-contact-message\" name=\"pirate-forms-contact-message\" class=\"\" placeholder=\"Va\u0161a spr\u00e1va\" required oninvalid=\"this.setCustomValidity('Dopl\u0148te Va\u0161u ot\u00e1zku \/ koment\u00e1r')\" onchange=\"this.setCustomValidity('')\" ><\/textarea>\n<\/div>\n\n\n<div class=\"col-xs-12 form_field_wrap contact_attachment_wrap col-xs-12 form_field_wrap contact_attachment_wrap\">\n\t<div class=\"pirate-forms-file-upload-wrapper\">\n\t\t<div class=\"pirate-forms-file-upload-wrapper\">\n\t\t\t<input\n\t\t\t\t\ttype=\"file\"\n\t\t\t\t\tclass=\"form-control\" id=\"pirate-forms-attachment\" name=\"pirate-forms-attachment\" class=\"pirate-forms-file-upload-input\" placeholder=\"\"  value=\"\"\t\t\t\t\ttabindex=\"-1\"><\/div>\n\t<\/div>\n<\/div>\n\n\n<div class=\"col-xs-12 form_field_wrap form_captcha_wrap\">\n\t<div\n\t\t\tid=\"pirate-forms-captcha\"\n\t\t\tclass=\"g-recaptcha pirate-forms-google-recaptcha\"  data-sitekey=\"6LeLW1gUAAAAAHdD08uyYeHZRF_IwaYSloCSutR7\">\n\t<\/div>\n<\/div>\n\n\n<div class=\"col-xs-12 form_field_wrap contact_submit_wrap\">\n\t<button type=\"submit\" class=\"pirate-forms-submit-button btn btn-primary \" id=\"pirate-forms-contact-submit\" name=\"pirate-forms-contact-submit\" class=\"pirate-forms-submit-button btn btn-primary \" placeholder=\"\" >Posla\u0165 spr\u00e1vu<\/button>\n<\/div>\n<input type=\"hidden\" id=\"pirate_forms_ajax\" name=\"pirate_forms_ajax\" class=\"\" placeholder=\"\"  value=\"0\"><div class=\"form_field_wrap hidden\" style=\"display: none\"><input type=\"text\" id=\"form_honeypot\" name=\"honeypot\" class=\"\" placeholder=\"\"  value=\"\"><\/div><input type=\"hidden\" id=\"pirate_forms_from_widget\" name=\"pirate_forms_from_widget\" class=\"\" placeholder=\"\"  value=\"0\"><input type=\"hidden\" id=\"wordpress-nonce\" name=\"wordpress-nonce\" class=\"\" placeholder=\"\"  value=\"4ec0617faf\"><input type=\"hidden\" id=\"pirate_forms_from_form\" name=\"pirate_forms_from_form\" class=\"\" placeholder=\"\"  value=\"7fd20b90d1\">\t\t<\/form>\n\n\t\t\n\t\t<div class=\"pirate_forms_clearfix\"><\/div>\n\t<\/div>\n\n\t<!-- footer -->\n\t<\/div>\n\n<\/div>\n","protected":false},"excerpt":{"rendered":"<p>R\u00cdMSKOKATOL\u00cdCKA CIRKEV Adresa: Farsk\u00fd \u00farad Farsk\u00e1 900\/5 976 68\u00a0 He\u013epa dekan &#8211; far\u00e1r, kanonik h.c.: vsdp. ThLic. \u0160tefan Kosturko kontakt: 048\/618 62\u00a071 Kontaktn\u00fd formul\u00e1r pre spr\u00e1vcu str\u00e1nky:<\/p>\n","protected":false},"author":1,"featured_media":267,"parent":0,"menu_order":6,"comment_status":"closed","ping_status":"closed","template":"","meta":{"jetpack_post_was_ever_published":false,"footnotes":""},"class_list":["post-125","page","type-page","status-publish","has-post-thumbnail","hentry"],"jetpack_sharing_enabled":true,"jetpack_shortlink":"https:\/\/wp.me\/P9PAPV-21","_links":{"self":[{"href":"https:\/\/farnost-helpa.sk\/index.php?rest_route=\/wp\/v2\/pages\/125","targetHints":{"allow":["GET"]}}],"collection":[{"href":"https:\/\/farnost-helpa.sk\/index.php?rest_route=\/wp\/v2\/pages"}],"about":[{"href":"https:\/\/farnost-helpa.sk\/index.php?rest_route=\/wp\/v2\/types\/page"}],"author":[{"embeddable":true,"href":"https:\/\/farnost-helpa.sk\/index.php?rest_route=\/wp\/v2\/users\/1"}],"replies":[{"embeddable":true,"href":"https:\/\/farnost-helpa.sk\/index.php?rest_route=%2Fwp%2Fv2%2Fcomments&post=125"}],"version-history":[{"count":0,"href":"https:\/\/farnost-helpa.sk\/index.php?rest_route=\/wp\/v2\/pages\/125\/revisions"}],"wp:featuredmedia":[{"embeddable":true,"href":"https:\/\/farnost-helpa.sk\/index.php?rest_route=\/wp\/v2\/media\/267"}],"wp:attachment":[{"href":"https:\/\/farnost-helpa.sk\/index.php?rest_route=%2Fwp%2Fv2%2Fmedia&parent=125"}],"curies":[{"name":"wp","href":"https:\/\/api.w.org\/{rel}","templated":true}]}}