
{"id":273,"date":"2018-04-14T21:23:05","date_gmt":"2018-04-14T19:23:05","guid":{"rendered":"http:\/\/farnost-helpa.sk\/?page_id=273"},"modified":"2025-08-18T20:57:36","modified_gmt":"2025-08-18T18:57:36","slug":"fotogaleria","status":"publish","type":"page","link":"https:\/\/farnost-helpa.sk\/?page_id=273","title":{"rendered":"Fotogal\u00e9ria"},"content":{"rendered":"<p><a href=\"https:\/\/farnost-helpa.sk\/?page_id=1686\">Sviatos\u0165 zmierenia 24. m\u00e1j 2025<\/a><\/p>\n<p><a href=\"https:\/\/farnost-helpa.sk\/?page_id=1619\">Mi<\/a><a href=\"https:\/\/farnost-helpa.sk\/?page_id=1619\">sie 30. marec &#8211; 6. apr\u00edl 2025<\/a><\/p>\n<p><a href=\"https:\/\/farnost-helpa.sk\/?page_id=1496\">Odpustov\u00e1 sl\u00e1vnos\u0165 v Jubilejnom roku 17. 08. 2025<\/a><\/p>\n<p><a href=\"https:\/\/farnost-helpa.sk\/?page_id=1288\">Odpustov\u00e1 sl\u00e1vnos\u0165 Nanebovzatej 11. 8. 2024<\/a><\/p>\n<p><a href=\"https:\/\/farnost-helpa.sk\/?page_id=1098\">Kaplnka sv. Cyrila a Metoda a spolo\u010dn\u00edkov<\/a><\/p>\n<p><a href=\"https:\/\/farnost-helpa.sk\/?page_id=1066\">Oprava kr\u00ed\u017eov 2024<\/a><\/p>\n<p><a href=\"http:\/\/farnost-helpa.sk\/?page_id=335\">Diec\u00e9zne stretnutie ml\u00e1de\u017ee 2018<\/a><\/p>\n<p><a href=\"http:\/\/farnost-helpa.sk\/?page_id=460\">De\u0148 \u010caneck\u00e9ho 2016<\/a><\/p>\n<p><a href=\"http:\/\/farnost-helpa.sk\/?page_id=500\">Misie V\u00fdber 2016<\/a><\/p>\n<p><a href=\"http:\/\/farnost-helpa.sk\/?page_id=615\">Oprava org\u00e1nu (12.04.2012)<\/a><\/p>\n<p><a href=\"http:\/\/farnost-helpa.sk\/?page_id=655\">V\u00fdmena vytr\u00e1\u017enych okien (19.06.2011)<\/a><\/p>\n","protected":false},"excerpt":{"rendered":"<p>Sviatos\u0165 zmierenia 24. m\u00e1j 2025 Misie 30. marec &#8211; 6. apr\u00edl 2025 Odpustov\u00e1 sl\u00e1vnos\u0165 v Jubilejnom roku 17. 08. 2025 Odpustov\u00e1 sl\u00e1vnos\u0165 Nanebovzatej 11. 8. 2024 Kaplnka sv. Cyrila a Metoda a spolo\u010dn\u00edkov Oprava kr\u00ed\u017eov 2024 Diec\u00e9zne stretnutie ml\u00e1de\u017ee 2018 De\u0148 \u010caneck\u00e9ho 2016 Misie V\u00fdber 2016 Oprava org\u00e1nu (12.04.2012) V\u00fdmena vytr\u00e1\u017enych okien (19.06.2011)<\/p>\n","protected":false},"author":3,"featured_media":0,"parent":0,"menu_order":4,"comment_status":"closed","ping_status":"closed","template":"","meta":{"jetpack_post_was_ever_published":false,"footnotes":""},"class_list":["post-273","page","type-page","status-publish","hentry"],"jetpack_sharing_enabled":true,"jetpack_shortlink":"https:\/\/wp.me\/P9PAPV-4p","_links":{"self":[{"href":"https:\/\/farnost-helpa.sk\/index.php?rest_route=\/wp\/v2\/pages\/273","targetHints":{"allow":["GET"]}}],"collection":[{"href":"https:\/\/farnost-helpa.sk\/index.php?rest_route=\/wp\/v2\/pages"}],"about":[{"href":"https:\/\/farnost-helpa.sk\/index.php?rest_route=\/wp\/v2\/types\/page"}],"author":[{"embeddable":true,"href":"https:\/\/farnost-helpa.sk\/index.php?rest_route=\/wp\/v2\/users\/3"}],"replies":[{"embeddable":true,"href":"https:\/\/farnost-helpa.sk\/index.php?rest_route=%2Fwp%2Fv2%2Fcomments&post=273"}],"version-history":[{"count":0,"href":"https:\/\/farnost-helpa.sk\/index.php?rest_route=\/wp\/v2\/pages\/273\/revisions"}],"wp:attachment":[{"href":"https:\/\/farnost-helpa.sk\/index.php?rest_route=%2Fwp%2Fv2%2Fmedia&parent=273"}],"curies":[{"name":"wp","href":"https:\/\/api.w.org\/{rel}","templated":true}]}}