
{"id":30,"date":"2017-02-11T18:04:28","date_gmt":"2017-02-11T17:04:28","guid":{"rendered":"http:\/\/farnost-helpa.sk\/?page_id=30"},"modified":"2022-01-21T13:22:58","modified_gmt":"2022-01-21T12:22:58","slug":"test-php","status":"publish","type":"page","link":"https:\/\/farnost-helpa.sk\/?page_id=30","title":{"rendered":">>Online \u017dive vysielanie<<"},"content":{"rendered":"\n<iframe loading=\"lazy\" width=\"1010\" height=\"520\" src=\"https:\/\/nstream.tssgroup.cloud\/clients\/helpa\/helpa1.php\" frameborder=\"0\" allow=\" autoplay; \" allowfullscreen=\"\"><\/iframe>\n\n\n\n<p><\/p>\n\n\n\n<p><strong>Inform\u00e1cia<\/strong>: Ak vypadne vysielanie pred a po om\u0161i ( prepnutie poh\u013eadu lavice\/olt\u00e1r ) je potrebn\u00e9 zatla\u010di\u0165 F5 na kl\u00e1vestnici po\u010d\u00edta\u010da, alebo da\u0165 obnovi\u0165 str\u00e1nku.<\/p>\n\n\n\n<p>Vysielanie je funk\u010dn\u00e9 len ke\u010f je zapnut\u00e1 kamera v kostole. <\/p>\n\n\n\n<p><strong>Kr\u00e1tk\u00fd n\u00e1vod:<\/strong><\/p>\n\n\n\n<figure class=\"wp-block-image size-large\"><img loading=\"lazy\" decoding=\"async\" width=\"960\" height=\"224\" src=\"https:\/\/farnost-helpa.sk\/wp-content\/uploads\/2020\/12\/n\u00e1vod.jpg\" alt=\"\" class=\"wp-image-791\" srcset=\"https:\/\/farnost-helpa.sk\/wp-content\/uploads\/2020\/12\/n\u00e1vod.jpg 960w, https:\/\/farnost-helpa.sk\/wp-content\/uploads\/2020\/12\/n\u00e1vod-300x70.jpg 300w, https:\/\/farnost-helpa.sk\/wp-content\/uploads\/2020\/12\/n\u00e1vod-768x179.jpg 768w\" sizes=\"auto, (max-width: 960px) 100vw, 960px\" \/><\/figure>\n\n\n<p>[vstrsnln_info]<\/p>\n","protected":false},"excerpt":{"rendered":"<p>Inform\u00e1cia: Ak vypadne vysielanie pred a po om\u0161i ( prepnutie poh\u013eadu lavice\/olt\u00e1r ) je potrebn\u00e9 zatla\u010di\u0165 F5 na kl\u00e1vestnici po\u010d\u00edta\u010da, alebo da\u0165 obnovi\u0165 str\u00e1nku. Vysielanie je funk\u010dn\u00e9 len ke\u010f je zapnut\u00e1 kamera v kostole. Kr\u00e1tk\u00fd n\u00e1vod:<\/p>\n","protected":false},"author":1,"featured_media":0,"parent":0,"menu_order":7,"comment_status":"closed","ping_status":"closed","template":"","meta":{"jetpack_post_was_ever_published":false,"footnotes":""},"class_list":["post-30","page","type-page","status-publish","hentry"],"jetpack_sharing_enabled":true,"jetpack_shortlink":"https:\/\/wp.me\/P9PAPV-u","_links":{"self":[{"href":"https:\/\/farnost-helpa.sk\/index.php?rest_route=\/wp\/v2\/pages\/30","targetHints":{"allow":["GET"]}}],"collection":[{"href":"https:\/\/farnost-helpa.sk\/index.php?rest_route=\/wp\/v2\/pages"}],"about":[{"href":"https:\/\/farnost-helpa.sk\/index.php?rest_route=\/wp\/v2\/types\/page"}],"author":[{"embeddable":true,"href":"https:\/\/farnost-helpa.sk\/index.php?rest_route=\/wp\/v2\/users\/1"}],"replies":[{"embeddable":true,"href":"https:\/\/farnost-helpa.sk\/index.php?rest_route=%2Fwp%2Fv2%2Fcomments&post=30"}],"version-history":[{"count":0,"href":"https:\/\/farnost-helpa.sk\/index.php?rest_route=\/wp\/v2\/pages\/30\/revisions"}],"wp:attachment":[{"href":"https:\/\/farnost-helpa.sk\/index.php?rest_route=%2Fwp%2Fv2%2Fmedia&parent=30"}],"curies":[{"name":"wp","href":"https:\/\/api.w.org\/{rel}","templated":true}]}}