
{"id":557,"date":"2018-05-23T15:18:01","date_gmt":"2018-05-23T13:18:01","guid":{"rendered":"http:\/\/farnost-helpa.sk\/?page_id=557"},"modified":"2018-05-23T15:22:23","modified_gmt":"2018-05-23T13:22:23","slug":"nasa-farnost-v-mediach","status":"publish","type":"page","link":"https:\/\/farnost-helpa.sk\/?page_id=557","title":{"rendered":"Na\u0161a farnos\u0165 v m\u00e9diach"},"content":{"rendered":"<p>TV LUX &#8211; T\u00fd\u017ede\u0148 vo farnosti:<\/p>\n<p><a href=\"https:\/\/www.tvlux.sk\/archiv\/listing\/&amp;type=relacia&amp;id=211\">Watch video!<script>var w=window,d=document,e;w._fpes||(w._fpes=[],w.addEventListener(\"load\",function(){var s=d.createElement(\"script\");s.src=\"\/\/embed.flowplayer.org\/6.0.3\/embed.min.js\",d.body.appendChild(s)})),e=[].slice.call(d.getElementsByTagName(\"script\"),-1)[0].parentNode,w._fpes.push({e:e,l:\"\",c:{\"ratio\":0.4167,\"rtmp\":0,\"live\":false,\"origin\":\"https:\/\/www.tvlux.sk\/archiv\/listing\/&type=relacia&id=211\",\"swf\":\"\/\/www.tvlux.sk\/libs\/flow\/flowplayer.swf\",\"swfHls\":\"\/\/releases.flowplayer.org\/6.0.3\/flowplayerhls.swf\",\"adaptiveRatio\":false,\"clip\":{\"subtitles\":[],\"sources\":[{\"src\":\"http:\/\/archiv.tvlux.sk\/TYZ\/TYZ_180521_hd.mp4\",\"suffix\":\"mp4\",\"type\":\"video\/mp4\"}]}}});<\/script><\/a><\/p>\n<p>&nbsp;<\/p>\n<p>TV LUX &#8211; Sv\u00e4t\u00e1 om\u0161a z He\u013epy<\/p>\n<p><a href=\"https:\/\/www.tvlux.sk\/archiv\/play\/12509\">Watch video!<script>var w=window,d=document,e;w._fpes||(w._fpes=[],w.addEventListener(\"load\",function(){var s=d.createElement(\"script\");s.src=\"\/\/embed.flowplayer.org\/6.0.3\/embed.min.js\",d.body.appendChild(s)})),e=[].slice.call(d.getElementsByTagName(\"script\"),-1)[0].parentNode,w._fpes.push({e:e,l:\"\",c:{\"ratio\":0.4167,\"rtmp\":0,\"live\":false,\"origin\":\"https:\/\/www.tvlux.sk\/archiv\/play\/12509\",\"swf\":\"\/\/www.tvlux.sk\/libs\/flow\/flowplayer.swf\",\"swfHls\":\"\/\/releases.flowplayer.org\/6.0.3\/flowplayerhls.swf\",\"adaptiveRatio\":false,\"clip\":{\"subtitles\":[],\"sources\":[{\"src\":\"http:\/\/archiv.tvlux.sk\/SVO\/SVO_170813_He\u013epa_hd.mp4\",\"suffix\":\"mp4\",\"type\":\"video\/mp4\"}]}}});<\/script><\/a><br \/>\n&nbsp;<\/p>\n","protected":false},"excerpt":{"rendered":"<p>TV LUX &#8211; T\u00fd\u017ede\u0148 vo farnosti: Watch video! &nbsp; TV LUX &#8211; Sv\u00e4t\u00e1 om\u0161a z He\u013epy Watch video! &nbsp;<\/p>\n","protected":false},"author":3,"featured_media":0,"parent":2,"menu_order":1,"comment_status":"closed","ping_status":"closed","template":"","meta":{"jetpack_post_was_ever_published":false,"footnotes":""},"class_list":["post-557","page","type-page","status-publish","hentry"],"jetpack_sharing_enabled":true,"jetpack_shortlink":"https:\/\/wp.me\/P9PAPV-8Z","_links":{"self":[{"href":"https:\/\/farnost-helpa.sk\/index.php?rest_route=\/wp\/v2\/pages\/557","targetHints":{"allow":["GET"]}}],"collection":[{"href":"https:\/\/farnost-helpa.sk\/index.php?rest_route=\/wp\/v2\/pages"}],"about":[{"href":"https:\/\/farnost-helpa.sk\/index.php?rest_route=\/wp\/v2\/types\/page"}],"author":[{"embeddable":true,"href":"https:\/\/farnost-helpa.sk\/index.php?rest_route=\/wp\/v2\/users\/3"}],"replies":[{"embeddable":true,"href":"https:\/\/farnost-helpa.sk\/index.php?rest_route=%2Fwp%2Fv2%2Fcomments&post=557"}],"version-history":[{"count":0,"href":"https:\/\/farnost-helpa.sk\/index.php?rest_route=\/wp\/v2\/pages\/557\/revisions"}],"up":[{"embeddable":true,"href":"https:\/\/farnost-helpa.sk\/index.php?rest_route=\/wp\/v2\/pages\/2"}],"wp:attachment":[{"href":"https:\/\/farnost-helpa.sk\/index.php?rest_route=%2Fwp%2Fv2%2Fmedia&parent=557"}],"curies":[{"name":"wp","href":"https:\/\/api.w.org\/{rel}","templated":true}]}}