
{"id":786,"date":"2021-01-27T14:13:11","date_gmt":"2021-01-27T13:13:11","guid":{"rendered":"https:\/\/farnost-helpa.sk\/?page_id=786"},"modified":"2021-02-10T13:27:09","modified_gmt":"2021-02-10T12:27:09","slug":"online-zive-vysielanie-test","status":"publish","type":"page","link":"https:\/\/farnost-helpa.sk\/?page_id=786","title":{"rendered":"TEST TV"},"content":{"rendered":"\t\t\t\t\t<div style=\"width: 100%;padding-bottom: 56.25%;position: relative;\" class=\"\" >\n\t\t\t\t\t<div id=\"bradmax-player-69ef57abc7d8a\" style=\"position: absolute;top: 0; bottom: 0; left: 0; right: 0;\"><\/div>\n\t\t\t\t<\/div>\n \n\t<script type=\"text\/javascript\">\n\t\tfunction bradmaxPlayerInit_69ef57abc7d8a() {\n\t\t\tvar bradmaxPlayerConfig_69ef57abc7d8a = {\"dataProvider\":{\"source\":[{\"url\":\"https:\\\/\\\/nstream.tssgroup.cloud\\\/tss2\\\/helpa\\\/video1.m3u8\"}]},\"autoplay\":true};\n\t\t\tvar element = document.getElementById(\"bradmax-player-69ef57abc7d8a\");\n\t\t\tvar player = window.bradmax.player.create(element, bradmaxPlayerConfig_69ef57abc7d8a);\n\t\t\t\/\/ Back compability.\n\t\t\tif(!window.player) {\n\t\t\t\twindow.player = player;\n\t\t\t}\n\t\t}\n\t\tif(window.bradmax && window.bradmax.player) {\n\t\t\tbradmaxPlayerInit_69ef57abc7d8a();\n\t\t} else {\n\t\t\twindow.addEventListener('load', bradmaxPlayerInit_69ef57abc7d8a);\n\t\t}\n\t<\/script>\n\n\n\n\n<p>Ak m\u00e1te TV s podporou vysielania do TV ( chromecast, apple TV a pod) postupujte pod\u013ea n\u00e1vodu.<br>Kliknite prav\u00fdm tla\u010didlom po\u010das vysielania vo videu a vyberte polo\u017eku &#8222;Cast&#8220;, resp &#8222;Vysiela\u0165 m\u00e9dia do zariadenia&#8220;. Potom je potrebn\u00e9 kliknu\u0165 na n\u00e1zov TV v ktorom chcete sv\u00e4t\u00fa om\u0161u pozera\u0165.  Funguje to len v prehliada\u010doch Chrome a nov\u00fd Edge.<\/p>\n\n\n\n<p class=\"has-text-align-center\"><img loading=\"lazy\" decoding=\"async\" width=\"500\" height=\"304\" class=\"wp-image-818\" style=\"width: 500px;\" src=\"https:\/\/farnost-helpa.sk\/wp-content\/uploads\/2021\/01\/tvcast.png\" alt=\"\" srcset=\"https:\/\/farnost-helpa.sk\/wp-content\/uploads\/2021\/01\/tvcast.png 426w, https:\/\/farnost-helpa.sk\/wp-content\/uploads\/2021\/01\/tvcast-300x182.png 300w\" sizes=\"auto, (max-width: 500px) 100vw, 500px\" \/> <br><\/p>\n\n\n\n<p><\/p>\n\n\n\n<p><\/p>\n","protected":false},"excerpt":{"rendered":"<p>Ak m\u00e1te TV s podporou vysielania do TV ( chromecast, apple TV a pod) postupujte pod\u013ea n\u00e1vodu.Kliknite prav\u00fdm tla\u010didlom po\u010das vysielania vo videu a vyberte polo\u017eku &#8222;Cast&#8220;, resp &#8222;Vysiela\u0165 m\u00e9dia do zariadenia&#8220;. Potom je potrebn\u00e9 kliknu\u0165 na n\u00e1zov TV v ktorom chcete sv\u00e4t\u00fa om\u0161u pozera\u0165. Funguje to len v prehliada\u010doch Chrome a nov\u00fd Edge.<\/p>\n","protected":false},"author":3,"featured_media":0,"parent":0,"menu_order":0,"comment_status":"closed","ping_status":"closed","template":"","meta":{"jetpack_post_was_ever_published":false,"footnotes":""},"class_list":["post-786","page","type-page","status-publish","hentry"],"jetpack_sharing_enabled":false,"jetpack_shortlink":"https:\/\/wp.me\/P9PAPV-cG","_links":{"self":[{"href":"https:\/\/farnost-helpa.sk\/index.php?rest_route=\/wp\/v2\/pages\/786","targetHints":{"allow":["GET"]}}],"collection":[{"href":"https:\/\/farnost-helpa.sk\/index.php?rest_route=\/wp\/v2\/pages"}],"about":[{"href":"https:\/\/farnost-helpa.sk\/index.php?rest_route=\/wp\/v2\/types\/page"}],"author":[{"embeddable":true,"href":"https:\/\/farnost-helpa.sk\/index.php?rest_route=\/wp\/v2\/users\/3"}],"replies":[{"embeddable":true,"href":"https:\/\/farnost-helpa.sk\/index.php?rest_route=%2Fwp%2Fv2%2Fcomments&post=786"}],"version-history":[{"count":0,"href":"https:\/\/farnost-helpa.sk\/index.php?rest_route=\/wp\/v2\/pages\/786\/revisions"}],"wp:attachment":[{"href":"https:\/\/farnost-helpa.sk\/index.php?rest_route=%2Fwp%2Fv2%2Fmedia&parent=786"}],"curies":[{"name":"wp","href":"https:\/\/api.w.org\/{rel}","templated":true}]}}